{"id":528,"date":"2021-05-30T14:36:34","date_gmt":"2021-05-30T12:36:34","guid":{"rendered":"http:\/\/www.hausjosefine.de\/?page_id=528"},"modified":"2025-06-23T13:41:20","modified_gmt":"2025-06-23T11:41:20","slug":"3-zimmer-wohnung","status":"publish","type":"page","link":"http:\/\/www.hausjosefine.de\/fr\/3-zimmer-wohnung\/","title":{"rendered":"3-Zimmer-Wohnung"},"content":{"rendered":"\n<p>Unsere helle und 90 m<sup>2<\/sup> gro\u00dfe 3-Zimmer-Wohnung liegt im 1. Stockwerk und verf\u00fcgt \u00fcber einen ger\u00e4umigen Balkon.<\/p>\n\n\n\n<figure class=\"wp-block-gallery has-nested-images columns-default is-cropped wp-block-gallery-1 is-layout-flex wp-block-gallery-is-layout-flex\">\n<figure class=\"wp-block-image size-large\"><img loading=\"lazy\" decoding=\"async\" width=\"683\" height=\"1024\" data-id=\"135\" src=\"http:\/\/www.hausjosefine.de\/wp-content\/uploads\/2017\/03\/Haus-Aussenansicht2-683x1024.jpg\" alt=\"\" class=\"wp-image-135\" srcset=\"http:\/\/www.hausjosefine.de\/wp-content\/uploads\/2017\/03\/Haus-Aussenansicht2-683x1024.jpg 683w, http:\/\/www.hausjosefine.de\/wp-content\/uploads\/2017\/03\/Haus-Aussenansicht2-200x300.jpg 200w, http:\/\/www.hausjosefine.de\/wp-content\/uploads\/2017\/03\/Haus-Aussenansicht2-768x1152.jpg 768w, http:\/\/www.hausjosefine.de\/wp-content\/uploads\/2017\/03\/Haus-Aussenansicht2.jpg 900w\" sizes=\"auto, (max-width: 683px) 100vw, 683px\" \/><figcaption class=\"wp-element-caption\">Haus Josefine<\/figcaption><\/figure>\n\n\n\n<figure class=\"wp-block-image size-large\"><img loading=\"lazy\" decoding=\"async\" width=\"900\" height=\"600\" data-id=\"150\" src=\"http:\/\/www.hausjosefine.de\/wp-content\/uploads\/2017\/03\/Schlafzimmer2.jpg\" alt=\"\" class=\"wp-image-150\" srcset=\"http:\/\/www.hausjosefine.de\/wp-content\/uploads\/2017\/03\/Schlafzimmer2.jpg 900w, http:\/\/www.hausjosefine.de\/wp-content\/uploads\/2017\/03\/Schlafzimmer2-300x200.jpg 300w, http:\/\/www.hausjosefine.de\/wp-content\/uploads\/2017\/03\/Schlafzimmer2-768x512.jpg 768w\" sizes=\"auto, (max-width: 767px) 89vw, (max-width: 1000px) 54vw, (max-width: 1071px) 543px, 580px\" \/><figcaption class=\"wp-element-caption\">Schlafzimmer &#8220;See&#8221;<\/figcaption><\/figure>\n\n\n\n<figure class=\"wp-block-image size-large\"><img loading=\"lazy\" decoding=\"async\" width=\"900\" height=\"600\" data-id=\"148\" src=\"http:\/\/www.hausjosefine.de\/wp-content\/uploads\/2017\/03\/Schlafzimmer1.jpg\" alt=\"\" class=\"wp-image-148\" srcset=\"http:\/\/www.hausjosefine.de\/wp-content\/uploads\/2017\/03\/Schlafzimmer1.jpg 900w, http:\/\/www.hausjosefine.de\/wp-content\/uploads\/2017\/03\/Schlafzimmer1-300x200.jpg 300w, http:\/\/www.hausjosefine.de\/wp-content\/uploads\/2017\/03\/Schlafzimmer1-768x512.jpg 768w\" sizes=\"auto, (max-width: 767px) 89vw, (max-width: 1000px) 54vw, (max-width: 1071px) 543px, 580px\" \/><figcaption class=\"wp-element-caption\">Schlafzimmer &#8220;See&#8221;<\/figcaption><\/figure>\n\n\n\n<figure class=\"wp-block-image size-large\"><img loading=\"lazy\" decoding=\"async\" width=\"900\" height=\"600\" data-id=\"149\" src=\"http:\/\/www.hausjosefine.de\/wp-content\/uploads\/2017\/03\/Schlafzimmer3.jpg\" alt=\"\" class=\"wp-image-149\" srcset=\"http:\/\/www.hausjosefine.de\/wp-content\/uploads\/2017\/03\/Schlafzimmer3.jpg 900w, http:\/\/www.hausjosefine.de\/wp-content\/uploads\/2017\/03\/Schlafzimmer3-300x200.jpg 300w, http:\/\/www.hausjosefine.de\/wp-content\/uploads\/2017\/03\/Schlafzimmer3-768x512.jpg 768w\" sizes=\"auto, (max-width: 767px) 89vw, (max-width: 1000px) 54vw, (max-width: 1071px) 543px, 580px\" \/><figcaption class=\"wp-element-caption\">Schlafzimmer &#8220;Wald&#8221;<\/figcaption><\/figure>\n\n\n\n<figure class=\"wp-block-image size-large\"><img loading=\"lazy\" decoding=\"async\" width=\"900\" height=\"600\" data-id=\"147\" src=\"http:\/\/www.hausjosefine.de\/wp-content\/uploads\/2017\/03\/Schlafzimmer4.jpg\" alt=\"\" class=\"wp-image-147\" srcset=\"http:\/\/www.hausjosefine.de\/wp-content\/uploads\/2017\/03\/Schlafzimmer4.jpg 900w, http:\/\/www.hausjosefine.de\/wp-content\/uploads\/2017\/03\/Schlafzimmer4-300x200.jpg 300w, http:\/\/www.hausjosefine.de\/wp-content\/uploads\/2017\/03\/Schlafzimmer4-768x512.jpg 768w\" sizes=\"auto, (max-width: 767px) 89vw, (max-width: 1000px) 54vw, (max-width: 1071px) 543px, 580px\" \/><figcaption class=\"wp-element-caption\">Schlafzimmer &#8220;Wald&#8221;<\/figcaption><\/figure>\n\n\n\n<figure class=\"wp-block-image size-large\"><img loading=\"lazy\" decoding=\"async\" width=\"1024\" height=\"768\" data-id=\"760\" src=\"http:\/\/www.hausjosefine.de\/wp-content\/uploads\/2022\/03\/IMG_5150-1024x768.jpg\" alt=\"K\u00fcche 1.OG\" class=\"wp-image-760\" srcset=\"http:\/\/www.hausjosefine.de\/wp-content\/uploads\/2022\/03\/IMG_5150-1024x768.jpg 1024w, http:\/\/www.hausjosefine.de\/wp-content\/uploads\/2022\/03\/IMG_5150-300x225.jpg 300w, http:\/\/www.hausjosefine.de\/wp-content\/uploads\/2022\/03\/IMG_5150-768x576.jpg 768w, http:\/\/www.hausjosefine.de\/wp-content\/uploads\/2022\/03\/IMG_5150-1536x1152.jpg 1536w, http:\/\/www.hausjosefine.de\/wp-content\/uploads\/2022\/03\/IMG_5150-2048x1536.jpg 2048w\" sizes=\"auto, (max-width: 767px) 89vw, (max-width: 1000px) 54vw, (max-width: 1071px) 543px, 580px\" \/><figcaption class=\"wp-element-caption\">K\u00fcche<\/figcaption><\/figure>\n\n\n\n<figure class=\"wp-block-image size-large\"><img loading=\"lazy\" decoding=\"async\" width=\"1024\" height=\"768\" data-id=\"762\" src=\"http:\/\/www.hausjosefine.de\/wp-content\/uploads\/2022\/03\/IMG_5156-1024x768.jpg\" alt=\"K\u00fcche 1.OG\" class=\"wp-image-762\" srcset=\"http:\/\/www.hausjosefine.de\/wp-content\/uploads\/2022\/03\/IMG_5156-1024x768.jpg 1024w, http:\/\/www.hausjosefine.de\/wp-content\/uploads\/2022\/03\/IMG_5156-300x225.jpg 300w, http:\/\/www.hausjosefine.de\/wp-content\/uploads\/2022\/03\/IMG_5156-768x576.jpg 768w, http:\/\/www.hausjosefine.de\/wp-content\/uploads\/2022\/03\/IMG_5156-1536x1152.jpg 1536w, http:\/\/www.hausjosefine.de\/wp-content\/uploads\/2022\/03\/IMG_5156-2048x1536.jpg 2048w\" sizes=\"auto, (max-width: 767px) 89vw, (max-width: 1000px) 54vw, (max-width: 1071px) 543px, 580px\" \/><figcaption class=\"wp-element-caption\">K\u00fcche<\/figcaption><\/figure>\n\n\n\n<figure class=\"wp-block-image size-large\"><img loading=\"lazy\" decoding=\"async\" width=\"683\" height=\"1024\" data-id=\"146\" src=\"http:\/\/www.hausjosefine.de\/wp-content\/uploads\/2017\/03\/Bad1-683x1024.jpg\" alt=\"\" class=\"wp-image-146\" srcset=\"http:\/\/www.hausjosefine.de\/wp-content\/uploads\/2017\/03\/Bad1-683x1024.jpg 683w, http:\/\/www.hausjosefine.de\/wp-content\/uploads\/2017\/03\/Bad1-200x300.jpg 200w, http:\/\/www.hausjosefine.de\/wp-content\/uploads\/2017\/03\/Bad1-768x1152.jpg 768w, http:\/\/www.hausjosefine.de\/wp-content\/uploads\/2017\/03\/Bad1.jpg 900w\" sizes=\"auto, (max-width: 683px) 100vw, 683px\" \/><figcaption class=\"wp-element-caption\">Badezimmer<\/figcaption><\/figure>\n\n\n\n<figure class=\"wp-block-image size-large\"><img loading=\"lazy\" decoding=\"async\" width=\"683\" height=\"1024\" data-id=\"145\" src=\"http:\/\/www.hausjosefine.de\/wp-content\/uploads\/2017\/03\/Bad2-683x1024.jpg\" alt=\"\" class=\"wp-image-145\" srcset=\"http:\/\/www.hausjosefine.de\/wp-content\/uploads\/2017\/03\/Bad2-683x1024.jpg 683w, http:\/\/www.hausjosefine.de\/wp-content\/uploads\/2017\/03\/Bad2-200x300.jpg 200w, http:\/\/www.hausjosefine.de\/wp-content\/uploads\/2017\/03\/Bad2-768x1152.jpg 768w, http:\/\/www.hausjosefine.de\/wp-content\/uploads\/2017\/03\/Bad2.jpg 900w\" sizes=\"auto, (max-width: 683px) 100vw, 683px\" \/><figcaption class=\"wp-element-caption\">Badezimmer<\/figcaption><\/figure>\n\n\n\n<figure class=\"wp-block-image size-large\"><img loading=\"lazy\" decoding=\"async\" width=\"900\" height=\"600\" data-id=\"140\" src=\"http:\/\/www.hausjosefine.de\/wp-content\/uploads\/2017\/03\/Wohnzimmer2.jpg\" alt=\"\" class=\"wp-image-140\" srcset=\"http:\/\/www.hausjosefine.de\/wp-content\/uploads\/2017\/03\/Wohnzimmer2.jpg 900w, http:\/\/www.hausjosefine.de\/wp-content\/uploads\/2017\/03\/Wohnzimmer2-300x200.jpg 300w, http:\/\/www.hausjosefine.de\/wp-content\/uploads\/2017\/03\/Wohnzimmer2-768x512.jpg 768w\" sizes=\"auto, (max-width: 767px) 89vw, (max-width: 1000px) 54vw, (max-width: 1071px) 543px, 580px\" \/><figcaption class=\"wp-element-caption\">Wohnzimmer<\/figcaption><\/figure>\n\n\n\n<figure class=\"wp-block-image size-large\"><img loading=\"lazy\" decoding=\"async\" width=\"900\" height=\"600\" data-id=\"139\" src=\"http:\/\/www.hausjosefine.de\/wp-content\/uploads\/2017\/03\/Wohnzimmer.jpg\" alt=\"\" class=\"wp-image-139\" srcset=\"http:\/\/www.hausjosefine.de\/wp-content\/uploads\/2017\/03\/Wohnzimmer.jpg 900w, http:\/\/www.hausjosefine.de\/wp-content\/uploads\/2017\/03\/Wohnzimmer-300x200.jpg 300w, http:\/\/www.hausjosefine.de\/wp-content\/uploads\/2017\/03\/Wohnzimmer-768x512.jpg 768w\" sizes=\"auto, (max-width: 767px) 89vw, (max-width: 1000px) 54vw, (max-width: 1071px) 543px, 580px\" \/><figcaption class=\"wp-element-caption\">Wohnzimmer<\/figcaption><\/figure>\n\n\n\n<figure class=\"wp-block-image size-large\"><img loading=\"lazy\" decoding=\"async\" width=\"900\" height=\"600\" data-id=\"142\" src=\"http:\/\/www.hausjosefine.de\/wp-content\/uploads\/2017\/03\/Balkonzimmer1.jpg\" alt=\"\" class=\"wp-image-142\" srcset=\"http:\/\/www.hausjosefine.de\/wp-content\/uploads\/2017\/03\/Balkonzimmer1.jpg 900w, http:\/\/www.hausjosefine.de\/wp-content\/uploads\/2017\/03\/Balkonzimmer1-300x200.jpg 300w, http:\/\/www.hausjosefine.de\/wp-content\/uploads\/2017\/03\/Balkonzimmer1-768x512.jpg 768w\" sizes=\"auto, (max-width: 767px) 89vw, (max-width: 1000px) 54vw, (max-width: 1071px) 543px, 580px\" \/><figcaption class=\"wp-element-caption\">Balkonzimmer<\/figcaption><\/figure>\n\n\n\n<figure class=\"wp-block-image size-large\"><img loading=\"lazy\" decoding=\"async\" width=\"1024\" height=\"576\" data-id=\"764\" src=\"http:\/\/www.hausjosefine.de\/wp-content\/uploads\/2022\/03\/P1140231-2-1024x576.jpg\" alt=\"\" class=\"wp-image-764\" srcset=\"http:\/\/www.hausjosefine.de\/wp-content\/uploads\/2022\/03\/P1140231-2-1024x576.jpg 1024w, http:\/\/www.hausjosefine.de\/wp-content\/uploads\/2022\/03\/P1140231-2-300x169.jpg 300w, http:\/\/www.hausjosefine.de\/wp-content\/uploads\/2022\/03\/P1140231-2-768x432.jpg 768w, http:\/\/www.hausjosefine.de\/wp-content\/uploads\/2022\/03\/P1140231-2-1536x864.jpg 1536w, http:\/\/www.hausjosefine.de\/wp-content\/uploads\/2022\/03\/P1140231-2-2048x1152.jpg 2048w\" sizes=\"auto, (max-width: 767px) 89vw, (max-width: 1000px) 54vw, (max-width: 1071px) 543px, 580px\" \/><figcaption class=\"wp-element-caption\">Balkon<\/figcaption><\/figure>\n<\/figure>\n\n\n\n<p>Es gibt zwei Schlafzimmer. Das eine ist mit Doppelbett (2 m x 1,80 m), das andere mit zwei Einzelbetten (2 m x 90 cm) variabel eingerichtet. Familien mit kleinen Kindern k\u00f6nnen wir gerne Kinderbetten, -badewanne und -hochstuhl zur Verf\u00fcgung stellen.<\/p>\n\n\n\n<p>In der vollst\u00e4ndig ausgestatteten Wohnk\u00fcche befinden sich unter anderem auch Geschirrsp\u00fclmaschine, Mikrowelle, Kaffeemaschine und Wasserkocher.<\/p>\n\n\n\n<p>An das Wohnzimmer, mit Couchecke und SatTV, schlie\u00dft ein durch einen Vorhang abtrennbarer Vorraum mit einer Bettcouch an.<\/p>\n\n\n\n<p>Der Internetzugang (WLAN) ist&nbsp;kostenlos verf\u00fcgbar.<\/p>\n\n\n\n<p>Ihre Fahrr\u00e4der k\u00f6nnen Sie gerne in unserer Garage unterstellen.<\/p>\n\n\n\n<p>Haustiere sind nicht erlaubt.<br>Nichtraucher-Wohnung&nbsp;&#8211; das Rauchen ist nur auf dem Balkon gestattet.<\/p>\n\n\n\n<p>&nbsp;<\/p>\n\n\n\n<hr class=\"wp-block-separator has-alpha-channel-opacity\"\/>\n\n\n\n<p><strong>Preise<\/strong><\/p>\n\n\n\n<table id=\"tablepress-1\" class=\"tablepress tablepress-id-1\">\n<thead>\n<tr class=\"row-1\">\n\t<td class=\"column-1\"><\/td><th class=\"column-2\">3 N\u00e4chte<\/th><th class=\"column-3\">4 N\u00e4chte<\/th><th class=\"column-4\">5 N\u00e4chte<\/th><th class=\"column-5\">6 N\u00e4chte<\/th><th class=\"column-6\">ab 7 N\u00e4chte<\/th>\n<\/tr>\n<\/thead>\n<tbody class=\"row-striping\">\n<tr class=\"row-2\">\n\t<td class=\"column-1\">Bis 2 Personen<\/td><td class=\"column-2\">150 \u20ac<\/td><td class=\"column-3\">145 \u20ac<\/td><td class=\"column-4\">142 \u20ac<\/td><td class=\"column-5\">140 \u20ac<\/td><td class=\"column-6\">130 \u20ac<\/td>\n<\/tr>\n<tr class=\"row-3\">\n\t<td class=\"column-1\">Jede weitere Person<\/td><td class=\"column-2\">20 \u20ac<\/td><td class=\"column-3\">20 \u20ac<\/td><td class=\"column-4\">20 \u20ac<\/td><td class=\"column-5\">20 \u20ac<\/td><td class=\"column-6\">20 \u20ac<\/td>\n<\/tr>\n<\/tbody>\n<\/table>\n<!-- #tablepress-1 from cache -->\n\n\n<p>Preise g\u00fcltig pro Nacht. Nur Barzahlung m\u00f6glich.&nbsp;W\u00e4hrend den Messezeiten k\u00f6nnen die Preise abweichen.<\/p>\n\n\n\n<p>Auch bei uns ist die Echt-Bodensee-Card EBC eingef\u00fchrt, d.h. wir m\u00fcssen von Ihnen die Kurtaxe einziehen. Das sind pro Person und Nacht ( Preis\u00e4nderung vorbehalten ):<br>vom 1.4.-31.10.: 2,80\u20ac ( 1,40\u20ac , erm\u00e4ssigt 6-18 J.), vom 1.11.-31.3.: 1,70\u20ac (0,85\u20ac).<br>Ihr Vorteil: unter anderem freie Fahrt mit dem \u00d6PNV im Bodenseegebiet.<br>Hier finden Sie weitere Informationen: <a href=\"https:\/\/www.echt-bodensee.de\/planen\/echt-bodensee-card\" target=\"_blank\" rel=\"noopener\">Echt-Bodensee-Card EBC<\/a><\/p>\n\n\n\n<hr class=\"wp-block-separator has-alpha-channel-opacity\"\/>\n\n\n\n<p><strong>Kalender und Anfrage<\/strong><\/p>\n\n\n\n<script>\nwindow.TWEBSHOP = {\nconfig: 'FIT00020070416987844_fit',\nlanguage: 'de',\ntheme: {\nsticky: {\noffset: 80,\nzIndex: 1\n}\n}\n}\n<\/script>\n\n<style>\n#twebshop {\n--tw-button-color: #bc2967;\n--tw-button-text-color: #fff;\n--tw-button-price-color: #2e921d;\n--tw-button-price-text-color: #fff;\n--tw-box-color: #1d6bb1;\n--tw-box-text-color: #fff;\n--tw-booking-color: #c4c4c4;\n--tw-booking-text-color: #333;\n}\n<\/style>\n<tws-accommodation-calendar-service data-id=\"FIT00020070416999963\"><\/tws-accommodation-calendar-service>\n<script src=\"https:\/\/twebshop.tomas-travel.com\/app\/accommodation\/calendar\/app.js\"><\/script>\n\n\n\n<p>Bitte beachten Sie: Anreise ab 17 Uhr. Abreise bis 10 Uhr. Abweichungen auf Anfrage m\u00f6glich.<\/p>\n\n\n\n<p>Ihre Anfragen erreichen uns <a href=\"http:\/\/www.hausjosefine.de\/lage-und-kontakt\/\" target=\"_blank\" rel=\"noreferrer noopener\">telefonisch<\/a> sowie \u00fcber folgendes&nbsp;Kontaktformular. Wir werden Ihnen m\u00f6glichst umgehend antworten.<\/p>\n\n\n\n<div class=\"wp-block-contact-form-7-contact-form-selector\">\n<div class=\"wpcf7 no-js\" id=\"wpcf7-f538-o1\" lang=\"de-DE\" dir=\"ltr\" data-wpcf7-id=\"538\">\n<div class=\"screen-reader-response\"><p role=\"status\" aria-live=\"polite\" aria-atomic=\"true\"><\/p> <ul><\/ul><\/div>\n<form action=\"\/fr\/wp-json\/wp\/v2\/pages\/528#wpcf7-f538-o1\" method=\"post\" class=\"wpcf7-form init\" aria-label=\"Contact form\" novalidate=\"novalidate\" data-status=\"init\">\n<div style=\"display: none;\">\n<input type=\"hidden\" name=\"_wpcf7\" value=\"538\" \/>\n<input type=\"hidden\" name=\"_wpcf7_version\" value=\"6.0.6\" \/>\n<input type=\"hidden\" name=\"_wpcf7_locale\" value=\"de_DE\" \/>\n<input type=\"hidden\" name=\"_wpcf7_unit_tag\" value=\"wpcf7-f538-o1\" \/>\n<input type=\"hidden\" name=\"_wpcf7_container_post\" value=\"0\" \/>\n<input type=\"hidden\" name=\"_wpcf7_posted_data_hash\" value=\"\" \/>\n<\/div>\n<p><label> Ihr Name<br \/>\n<span class=\"wpcf7-form-control-wrap\" data-name=\"your-name\"><input size=\"40\" maxlength=\"400\" class=\"wpcf7-form-control wpcf7-text wpcf7-validates-as-required\" aria-required=\"true\" aria-invalid=\"false\" value=\"\" type=\"text\" name=\"your-name\" \/><\/span> <\/label>\n<\/p>\n<p><label> Ihre E-Mail-Adresse<br \/>\n<span class=\"wpcf7-form-control-wrap\" data-name=\"your-email\"><input size=\"40\" maxlength=\"400\" class=\"wpcf7-form-control wpcf7-email wpcf7-validates-as-required wpcf7-text wpcf7-validates-as-email\" aria-required=\"true\" aria-invalid=\"false\" value=\"\" type=\"email\" name=\"your-email\" \/><\/span> <\/label>\n<\/p>\n<p><label> Betreff<br \/>\n<span class=\"wpcf7-form-control-wrap\" data-name=\"text-605\"><input size=\"40\" maxlength=\"400\" class=\"wpcf7-form-control wpcf7-text wpcf7-validates-as-required\" aria-required=\"true\" aria-invalid=\"false\" value=\"Anfrage f\u00fcr 3-Zimmer-Wohnung\" type=\"text\" name=\"text-605\" \/><\/span> <\/label>\n<\/p>\n<p><label> Ihre Anfrage<br \/>\n<span class=\"wpcf7-form-control-wrap\" data-name=\"your-message\"><textarea cols=\"40\" rows=\"10\" maxlength=\"2000\" class=\"wpcf7-form-control wpcf7-textarea wpcf7-validates-as-required\" aria-required=\"true\" aria-invalid=\"false\" name=\"your-message\"><\/textarea><\/span> <\/label>\n<\/p>\n<p><input class=\"wpcf7-form-control wpcf7-submit has-spinner\" type=\"submit\" value=\"Senden\" \/>\n<\/p><p style=\"display: none !important;\" class=\"akismet-fields-container\" data-prefix=\"_wpcf7_ak_\"><label>&#916;<textarea name=\"_wpcf7_ak_hp_textarea\" cols=\"45\" rows=\"8\" maxlength=\"100\"><\/textarea><\/label><input type=\"hidden\" id=\"ak_js_1\" name=\"_wpcf7_ak_js\" value=\"173\"\/><script>document.getElementById( \"ak_js_1\" ).setAttribute( \"value\", ( new Date() ).getTime() );<\/script><\/p><div class=\"wpcf7-response-output\" aria-hidden=\"true\"><\/div>\n<\/form>\n<\/div>\n<\/div>\n","protected":false},"excerpt":{"rendered":"<p>Unsere helle und 90 m2 gro\u00dfe 3-Zimmer-Wohnung liegt im 1. Stockwerk und verf\u00fcgt \u00fcber einen ger\u00e4umigen Balkon. Es gibt zwei Schlafzimmer. Das eine ist mit Doppelbett (2 m x 1,80 m), das andere mit zwei Einzelbetten (2 m x 90 cm) variabel eingerichtet. Familien mit kleinen Kindern k\u00f6nnen wir gerne Kinderbetten, -badewanne und -hochstuhl zur &hellip; <\/p>\n<p class=\"link-more\"><a href=\"http:\/\/www.hausjosefine.de\/fr\/3-zimmer-wohnung\/\" class=\"more-link\">Continue reading<span class=\"screen-reader-text\"> &#8220;3-Zimmer-Wohnung&#8221;<\/span><\/a><\/p>\n","protected":false},"author":1,"featured_media":0,"parent":0,"menu_order":0,"comment_status":"closed","ping_status":"closed","template":"","meta":{"footnotes":""},"class_list":["post-528","page","type-page","status-publish","hentry"],"translation":{"provider":"WPGlobus","version":"3.0.0","language":"fr","enabled_languages":["de","en","fr","es"],"languages":{"de":{"title":true,"content":true,"excerpt":false},"en":{"title":false,"content":false,"excerpt":false},"fr":{"title":false,"content":false,"excerpt":false},"es":{"title":false,"content":false,"excerpt":false}}},"yoast_head":"<!-- This site is optimized with the Yoast SEO plugin v25.3.1 - https:\/\/yoast.com\/wordpress\/plugins\/seo\/ -->\n<title>3-Zimmer-Wohnung - Haus Josefine<\/title>\n<meta name=\"robots\" content=\"index, follow, max-snippet:-1, max-image-preview:large, max-video-preview:-1\" \/>\n<link rel=\"canonical\" href=\"http:\/\/www.hausjosefine.de\/3-zimmer-wohnung\/\" \/>\n<meta property=\"og:locale\" content=\"fr_FR\" \/>\n<meta property=\"og:type\" content=\"article\" \/>\n<meta property=\"og:title\" content=\"3-Zimmer-Wohnung - Haus Josefine\" \/>\n<meta property=\"og:url\" content=\"http:\/\/www.hausjosefine.de\/3-zimmer-wohnung\/\" \/>\n<meta property=\"og:site_name\" content=\"Haus Josefine\" \/>\n<meta property=\"article:modified_time\" content=\"2025-06-23T11:41:20+00:00\" \/>\n<meta property=\"og:image\" content=\"http:\/\/www.hausjosefine.de\/wp-content\/uploads\/2017\/03\/Haus-Aussenansicht2.jpg\" \/>\n\t<meta property=\"og:image:width\" content=\"900\" \/>\n\t<meta property=\"og:image:height\" content=\"1350\" \/>\n\t<meta property=\"og:image:type\" content=\"image\/jpeg\" \/>\n<meta name=\"twitter:card\" content=\"summary_large_image\" \/>\n<meta name=\"twitter:label1\" content=\"Est. reading time\" \/>\n\t<meta name=\"twitter:data1\" content=\"4 minutes\" \/>\n<script type=\"application\/ld+json\" class=\"yoast-schema-graph\">{\"@context\":\"https:\/\/schema.org\",\"@graph\":[{\"@type\":\"WebPage\",\"@id\":\"http:\/\/www.hausjosefine.de\/3-zimmer-wohnung\/\",\"url\":\"http:\/\/www.hausjosefine.de\/3-zimmer-wohnung\/\",\"name\":\"3-Zimmer-Wohnung - Haus Josefine\",\"isPartOf\":{\"@id\":\"http:\/\/www.hausjosefine.de\/#website\"},\"primaryImageOfPage\":{\"@id\":\"http:\/\/www.hausjosefine.de\/3-zimmer-wohnung\/#primaryimage\"},\"image\":{\"@id\":\"http:\/\/www.hausjosefine.de\/3-zimmer-wohnung\/#primaryimage\"},\"thumbnailUrl\":\"http:\/\/www.hausjosefine.de\/wp-content\/uploads\/2017\/03\/Haus-Aussenansicht2-683x1024.jpg\",\"datePublished\":\"2021-05-30T12:36:34+00:00\",\"dateModified\":\"2025-06-23T11:41:20+00:00\",\"breadcrumb\":{\"@id\":\"http:\/\/www.hausjosefine.de\/3-zimmer-wohnung\/#breadcrumb\"},\"inLanguage\":\"fr-FR\",\"potentialAction\":[{\"@type\":\"ReadAction\",\"target\":[\"http:\/\/www.hausjosefine.de\/3-zimmer-wohnung\/\"]}]},{\"@type\":\"ImageObject\",\"inLanguage\":\"fr-FR\",\"@id\":\"http:\/\/www.hausjosefine.de\/3-zimmer-wohnung\/#primaryimage\",\"url\":\"http:\/\/www.hausjosefine.de\/wp-content\/uploads\/2017\/03\/Haus-Aussenansicht2-683x1024.jpg\",\"contentUrl\":\"http:\/\/www.hausjosefine.de\/wp-content\/uploads\/2017\/03\/Haus-Aussenansicht2-683x1024.jpg\"},{\"@type\":\"BreadcrumbList\",\"@id\":\"http:\/\/www.hausjosefine.de\/3-zimmer-wohnung\/#breadcrumb\",\"itemListElement\":[{\"@type\":\"ListItem\",\"position\":1,\"name\":\"Startseite\",\"item\":\"http:\/\/www.hausjosefine.de\/\"},{\"@type\":\"ListItem\",\"position\":2,\"name\":\"3-Zimmer-Wohnung\"}]},{\"@type\":\"WebSite\",\"@id\":\"http:\/\/www.hausjosefine.de\/#website\",\"url\":\"http:\/\/www.hausjosefine.de\/\",\"name\":\"Haus Josefine\",\"description\":\"Unsere helle und ger\u00e4umige Ferienwohnung liegt ruhig und zentral in Fischbach, einem Vorort von Friedrichshafen.\",\"publisher\":{\"@id\":\"http:\/\/www.hausjosefine.de\/#\/schema\/person\/fc393f7c200fff6abc9c6cf8f3197fbe\"},\"potentialAction\":[{\"@type\":\"SearchAction\",\"target\":{\"@type\":\"EntryPoint\",\"urlTemplate\":\"http:\/\/www.hausjosefine.de\/?s={search_term_string}\"},\"query-input\":{\"@type\":\"PropertyValueSpecification\",\"valueRequired\":true,\"valueName\":\"search_term_string\"}}],\"inLanguage\":\"fr-FR\"},{\"@type\":[\"Person\",\"Organization\"],\"@id\":\"http:\/\/www.hausjosefine.de\/#\/schema\/person\/fc393f7c200fff6abc9c6cf8f3197fbe\",\"name\":\"Peter Gwinn\",\"image\":{\"@type\":\"ImageObject\",\"inLanguage\":\"fr-FR\",\"@id\":\"http:\/\/www.hausjosefine.de\/#\/schema\/person\/image\/\",\"url\":\"https:\/\/secure.gravatar.com\/avatar\/4c7bc26c86950242f258ac2c97033ea388ce233503a7f9136de41c502e028f2e?s=96&d=mm&r=g\",\"contentUrl\":\"https:\/\/secure.gravatar.com\/avatar\/4c7bc26c86950242f258ac2c97033ea388ce233503a7f9136de41c502e028f2e?s=96&d=mm&r=g\",\"caption\":\"Peter Gwinn\"},\"logo\":{\"@id\":\"http:\/\/www.hausjosefine.de\/#\/schema\/person\/image\/\"},\"sameAs\":[\"http:\/\/hausjosefine.de\"]}]}<\/script>\n<!-- \/ Yoast SEO plugin. -->","yoast_head_json":{"title":"3-Zimmer-Wohnung - Haus Josefine","robots":{"index":"index","follow":"follow","max-snippet":"max-snippet:-1","max-image-preview":"max-image-preview:large","max-video-preview":"max-video-preview:-1"},"canonical":"http:\/\/www.hausjosefine.de\/3-zimmer-wohnung\/","og_locale":"fr_FR","og_type":"article","og_title":"3-Zimmer-Wohnung - Haus Josefine","og_url":"http:\/\/www.hausjosefine.de\/3-zimmer-wohnung\/","og_site_name":"Haus Josefine","article_modified_time":"2025-06-23T11:41:20+00:00","og_image":[{"width":900,"height":1350,"url":"http:\/\/www.hausjosefine.de\/wp-content\/uploads\/2017\/03\/Haus-Aussenansicht2.jpg","type":"image\/jpeg"}],"twitter_card":"summary_large_image","twitter_misc":{"Est. reading time":"4 minutes"},"schema":{"@context":"https:\/\/schema.org","@graph":[{"@type":"WebPage","@id":"http:\/\/www.hausjosefine.de\/3-zimmer-wohnung\/","url":"http:\/\/www.hausjosefine.de\/3-zimmer-wohnung\/","name":"3-Zimmer-Wohnung - Haus Josefine","isPartOf":{"@id":"http:\/\/www.hausjosefine.de\/#website"},"primaryImageOfPage":{"@id":"http:\/\/www.hausjosefine.de\/3-zimmer-wohnung\/#primaryimage"},"image":{"@id":"http:\/\/www.hausjosefine.de\/3-zimmer-wohnung\/#primaryimage"},"thumbnailUrl":"http:\/\/www.hausjosefine.de\/wp-content\/uploads\/2017\/03\/Haus-Aussenansicht2-683x1024.jpg","datePublished":"2021-05-30T12:36:34+00:00","dateModified":"2025-06-23T11:41:20+00:00","breadcrumb":{"@id":"http:\/\/www.hausjosefine.de\/3-zimmer-wohnung\/#breadcrumb"},"inLanguage":"fr-FR","potentialAction":[{"@type":"ReadAction","target":["http:\/\/www.hausjosefine.de\/3-zimmer-wohnung\/"]}]},{"@type":"ImageObject","inLanguage":"fr-FR","@id":"http:\/\/www.hausjosefine.de\/3-zimmer-wohnung\/#primaryimage","url":"http:\/\/www.hausjosefine.de\/wp-content\/uploads\/2017\/03\/Haus-Aussenansicht2-683x1024.jpg","contentUrl":"http:\/\/www.hausjosefine.de\/wp-content\/uploads\/2017\/03\/Haus-Aussenansicht2-683x1024.jpg"},{"@type":"BreadcrumbList","@id":"http:\/\/www.hausjosefine.de\/3-zimmer-wohnung\/#breadcrumb","itemListElement":[{"@type":"ListItem","position":1,"name":"Startseite","item":"http:\/\/www.hausjosefine.de\/"},{"@type":"ListItem","position":2,"name":"3-Zimmer-Wohnung"}]},{"@type":"WebSite","@id":"http:\/\/www.hausjosefine.de\/#website","url":"http:\/\/www.hausjosefine.de\/","name":"Haus Josefine","description":"Unsere helle und ger\u00e4umige Ferienwohnung liegt ruhig und zentral in Fischbach, einem Vorort von Friedrichshafen.","publisher":{"@id":"http:\/\/www.hausjosefine.de\/#\/schema\/person\/fc393f7c200fff6abc9c6cf8f3197fbe"},"potentialAction":[{"@type":"SearchAction","target":{"@type":"EntryPoint","urlTemplate":"http:\/\/www.hausjosefine.de\/?s={search_term_string}"},"query-input":{"@type":"PropertyValueSpecification","valueRequired":true,"valueName":"search_term_string"}}],"inLanguage":"fr-FR"},{"@type":["Person","Organization"],"@id":"http:\/\/www.hausjosefine.de\/#\/schema\/person\/fc393f7c200fff6abc9c6cf8f3197fbe","name":"Peter Gwinn","image":{"@type":"ImageObject","inLanguage":"fr-FR","@id":"http:\/\/www.hausjosefine.de\/#\/schema\/person\/image\/","url":"https:\/\/secure.gravatar.com\/avatar\/4c7bc26c86950242f258ac2c97033ea388ce233503a7f9136de41c502e028f2e?s=96&d=mm&r=g","contentUrl":"https:\/\/secure.gravatar.com\/avatar\/4c7bc26c86950242f258ac2c97033ea388ce233503a7f9136de41c502e028f2e?s=96&d=mm&r=g","caption":"Peter Gwinn"},"logo":{"@id":"http:\/\/www.hausjosefine.de\/#\/schema\/person\/image\/"},"sameAs":["http:\/\/hausjosefine.de"]}]}},"_links":{"self":[{"href":"http:\/\/www.hausjosefine.de\/fr\/wp-json\/wp\/v2\/pages\/528","targetHints":{"allow":["GET"]}}],"collection":[{"href":"http:\/\/www.hausjosefine.de\/fr\/wp-json\/wp\/v2\/pages"}],"about":[{"href":"http:\/\/www.hausjosefine.de\/fr\/wp-json\/wp\/v2\/types\/page"}],"author":[{"embeddable":true,"href":"http:\/\/www.hausjosefine.de\/fr\/wp-json\/wp\/v2\/users\/1"}],"replies":[{"embeddable":true,"href":"http:\/\/www.hausjosefine.de\/fr\/wp-json\/wp\/v2\/comments?post=528"}],"version-history":[{"count":48,"href":"http:\/\/www.hausjosefine.de\/fr\/wp-json\/wp\/v2\/pages\/528\/revisions"}],"predecessor-version":[{"id":1010,"href":"http:\/\/www.hausjosefine.de\/fr\/wp-json\/wp\/v2\/pages\/528\/revisions\/1010"}],"wp:attachment":[{"href":"http:\/\/www.hausjosefine.de\/fr\/wp-json\/wp\/v2\/media?parent=528"}],"curies":[{"name":"wp","href":"https:\/\/api.w.org\/{rel}","templated":true}]}}