{"id":2,"date":"2017-03-05T15:34:45","date_gmt":"2017-03-05T14:34:45","guid":{"rendered":"http:\/\/www.hausjosefine.de\/?page_id=2"},"modified":"2021-06-27T18:13:29","modified_gmt":"2021-06-27T16:13:29","slug":"beispiel-seite","status":"publish","type":"page","link":"http:\/\/www.hausjosefine.de\/fr\/","title":{"rendered":"Bienvenue!"},"content":{"rendered":"<p>Retrouvez-nous&nbsp; au plein c\u0153ur de Fischbach, en&nbsp;p\u00e9riph\u00e9rie&nbsp;calme de Friedrichshafen, ville du Zeppelin. Notre bel et grand appartement de 90 m\u00e8tres carr\u00e9s se situe au premier \u00e9tage de la maison. Il est lumineux et confortable et&nbsp;a \u00e9t\u00e9 refait \u00e0 neuf en 2015.<\/p>\n<p>A 5 minutes de marche se trouve la nouvelle piscine, ouverte depuis l&#8217;\u00e9t\u00e9 2017, une gare et&nbsp;un arr\u00eat de&nbsp;bus, une aire de jeux, boulangeries avec caf\u00e9, une pharmacie et des restaurants. Fischbach est l&#8217;endroit de d\u00e9part id\u00e9al pour toutes vos sorties et excursions.<\/p>\n","protected":false},"excerpt":{"rendered":"<p>Retrouvez-nous&nbsp; au plein c\u0153ur de Fischbach, en&nbsp;p\u00e9riph\u00e9rie&nbsp;calme de Friedrichshafen, ville du Zeppelin. Notre bel et grand appartement de 90 m\u00e8tres carr\u00e9s se situe au premier \u00e9tage de la maison. Il est lumineux et confortable et&nbsp;a \u00e9t\u00e9 refait \u00e0 neuf en 2015. A 5 minutes de marche se trouve la nouvelle piscine, ouverte depuis l&#8217;\u00e9t\u00e9 2017, &hellip; <\/p>\n<p class=\"link-more\"><a href=\"http:\/\/www.hausjosefine.de\/fr\/\" class=\"more-link\">Continue reading<span class=\"screen-reader-text\"> &#8220;Bienvenue!&#8221;<\/span><\/a><\/p>\n","protected":false},"author":1,"featured_media":0,"parent":0,"menu_order":0,"comment_status":"closed","ping_status":"open","template":"","meta":{"footnotes":""},"class_list":["post-2","page","type-page","status-publish","hentry"],"translation":{"provider":"WPGlobus","version":"3.0.0","language":"fr","enabled_languages":["de","en","fr","es"],"languages":{"de":{"title":true,"content":true,"excerpt":false},"en":{"title":true,"content":true,"excerpt":false},"fr":{"title":true,"content":true,"excerpt":false},"es":{"title":true,"content":true,"excerpt":false}}},"yoast_head":"<!-- This site is optimized with the Yoast SEO plugin v25.3.1 - https:\/\/yoast.com\/wordpress\/plugins\/seo\/ -->\n<title>Bienvenue! - Haus Josefine<\/title>\n<meta name=\"robots\" content=\"index, follow, max-snippet:-1, max-image-preview:large, max-video-preview:-1\" \/>\n<link rel=\"canonical\" href=\"http:\/\/www.hausjosefine.de\/\" \/>\n<meta property=\"og:locale\" content=\"fr_FR\" \/>\n<meta property=\"og:type\" content=\"article\" \/>\n<meta property=\"og:title\" content=\"Bienvenue! - Haus Josefine\" \/>\n<meta property=\"og:url\" content=\"http:\/\/www.hausjosefine.de\/\" \/>\n<meta property=\"og:site_name\" content=\"Haus Josefine\" \/>\n<meta property=\"article:modified_time\" content=\"2021-06-27T16:13:29+00:00\" \/>\n<meta name=\"twitter:card\" content=\"summary_large_image\" \/>\n<meta name=\"twitter:label1\" content=\"Est. reading time\" \/>\n\t<meta name=\"twitter:data1\" content=\"2 minutes\" \/>\n<script type=\"application\/ld+json\" class=\"yoast-schema-graph\">{\"@context\":\"https:\/\/schema.org\",\"@graph\":[{\"@type\":\"WebPage\",\"@id\":\"http:\/\/www.hausjosefine.de\/\",\"url\":\"http:\/\/www.hausjosefine.de\/\",\"name\":\"Bienvenue! - Haus Josefine\",\"isPartOf\":{\"@id\":\"http:\/\/www.hausjosefine.de\/#website\"},\"datePublished\":\"2017-03-05T14:34:45+00:00\",\"dateModified\":\"2021-06-27T16:13:29+00:00\",\"breadcrumb\":{\"@id\":\"http:\/\/www.hausjosefine.de\/#breadcrumb\"},\"inLanguage\":\"fr-FR\",\"potentialAction\":[{\"@type\":\"ReadAction\",\"target\":[\"http:\/\/www.hausjosefine.de\/\"]}]},{\"@type\":\"BreadcrumbList\",\"@id\":\"http:\/\/www.hausjosefine.de\/#breadcrumb\",\"itemListElement\":[{\"@type\":\"ListItem\",\"position\":1,\"name\":\"Startseite\",\"item\":\"http:\/\/www.hausjosefine.de\/\"},{\"@type\":\"ListItem\",\"position\":2,\"name\":\"Willkommen!\"}]},{\"@type\":\"WebSite\",\"@id\":\"http:\/\/www.hausjosefine.de\/#website\",\"url\":\"http:\/\/www.hausjosefine.de\/\",\"name\":\"Haus Josefine\",\"description\":\"Unsere helle und ger\u00e4umige Ferienwohnung liegt ruhig und zentral in Fischbach, einem Vorort von Friedrichshafen.\",\"publisher\":{\"@id\":\"http:\/\/www.hausjosefine.de\/#\/schema\/person\/fc393f7c200fff6abc9c6cf8f3197fbe\"},\"potentialAction\":[{\"@type\":\"SearchAction\",\"target\":{\"@type\":\"EntryPoint\",\"urlTemplate\":\"http:\/\/www.hausjosefine.de\/?s={search_term_string}\"},\"query-input\":{\"@type\":\"PropertyValueSpecification\",\"valueRequired\":true,\"valueName\":\"search_term_string\"}}],\"inLanguage\":\"fr-FR\"},{\"@type\":[\"Person\",\"Organization\"],\"@id\":\"http:\/\/www.hausjosefine.de\/#\/schema\/person\/fc393f7c200fff6abc9c6cf8f3197fbe\",\"name\":\"Peter Gwinn\",\"image\":{\"@type\":\"ImageObject\",\"inLanguage\":\"fr-FR\",\"@id\":\"http:\/\/www.hausjosefine.de\/#\/schema\/person\/image\/\",\"url\":\"https:\/\/secure.gravatar.com\/avatar\/4c7bc26c86950242f258ac2c97033ea388ce233503a7f9136de41c502e028f2e?s=96&d=mm&r=g\",\"contentUrl\":\"https:\/\/secure.gravatar.com\/avatar\/4c7bc26c86950242f258ac2c97033ea388ce233503a7f9136de41c502e028f2e?s=96&d=mm&r=g\",\"caption\":\"Peter Gwinn\"},\"logo\":{\"@id\":\"http:\/\/www.hausjosefine.de\/#\/schema\/person\/image\/\"},\"sameAs\":[\"http:\/\/hausjosefine.de\"]}]}<\/script>\n<!-- \/ Yoast SEO plugin. -->","yoast_head_json":{"title":"Bienvenue! - Haus Josefine","robots":{"index":"index","follow":"follow","max-snippet":"max-snippet:-1","max-image-preview":"max-image-preview:large","max-video-preview":"max-video-preview:-1"},"canonical":"http:\/\/www.hausjosefine.de\/","og_locale":"fr_FR","og_type":"article","og_title":"Bienvenue! - Haus Josefine","og_url":"http:\/\/www.hausjosefine.de\/","og_site_name":"Haus Josefine","article_modified_time":"2021-06-27T16:13:29+00:00","twitter_card":"summary_large_image","twitter_misc":{"Est. reading time":"2 minutes"},"schema":{"@context":"https:\/\/schema.org","@graph":[{"@type":"WebPage","@id":"http:\/\/www.hausjosefine.de\/","url":"http:\/\/www.hausjosefine.de\/","name":"Bienvenue! - Haus Josefine","isPartOf":{"@id":"http:\/\/www.hausjosefine.de\/#website"},"datePublished":"2017-03-05T14:34:45+00:00","dateModified":"2021-06-27T16:13:29+00:00","breadcrumb":{"@id":"http:\/\/www.hausjosefine.de\/#breadcrumb"},"inLanguage":"fr-FR","potentialAction":[{"@type":"ReadAction","target":["http:\/\/www.hausjosefine.de\/"]}]},{"@type":"BreadcrumbList","@id":"http:\/\/www.hausjosefine.de\/#breadcrumb","itemListElement":[{"@type":"ListItem","position":1,"name":"Startseite","item":"http:\/\/www.hausjosefine.de\/"},{"@type":"ListItem","position":2,"name":"Willkommen!"}]},{"@type":"WebSite","@id":"http:\/\/www.hausjosefine.de\/#website","url":"http:\/\/www.hausjosefine.de\/","name":"Haus Josefine","description":"Unsere helle und ger\u00e4umige Ferienwohnung liegt ruhig und zentral in Fischbach, einem Vorort von Friedrichshafen.","publisher":{"@id":"http:\/\/www.hausjosefine.de\/#\/schema\/person\/fc393f7c200fff6abc9c6cf8f3197fbe"},"potentialAction":[{"@type":"SearchAction","target":{"@type":"EntryPoint","urlTemplate":"http:\/\/www.hausjosefine.de\/?s={search_term_string}"},"query-input":{"@type":"PropertyValueSpecification","valueRequired":true,"valueName":"search_term_string"}}],"inLanguage":"fr-FR"},{"@type":["Person","Organization"],"@id":"http:\/\/www.hausjosefine.de\/#\/schema\/person\/fc393f7c200fff6abc9c6cf8f3197fbe","name":"Peter Gwinn","image":{"@type":"ImageObject","inLanguage":"fr-FR","@id":"http:\/\/www.hausjosefine.de\/#\/schema\/person\/image\/","url":"https:\/\/secure.gravatar.com\/avatar\/4c7bc26c86950242f258ac2c97033ea388ce233503a7f9136de41c502e028f2e?s=96&d=mm&r=g","contentUrl":"https:\/\/secure.gravatar.com\/avatar\/4c7bc26c86950242f258ac2c97033ea388ce233503a7f9136de41c502e028f2e?s=96&d=mm&r=g","caption":"Peter Gwinn"},"logo":{"@id":"http:\/\/www.hausjosefine.de\/#\/schema\/person\/image\/"},"sameAs":["http:\/\/hausjosefine.de"]}]}},"_links":{"self":[{"href":"http:\/\/www.hausjosefine.de\/fr\/wp-json\/wp\/v2\/pages\/2","targetHints":{"allow":["GET"]}}],"collection":[{"href":"http:\/\/www.hausjosefine.de\/fr\/wp-json\/wp\/v2\/pages"}],"about":[{"href":"http:\/\/www.hausjosefine.de\/fr\/wp-json\/wp\/v2\/types\/page"}],"author":[{"embeddable":true,"href":"http:\/\/www.hausjosefine.de\/fr\/wp-json\/wp\/v2\/users\/1"}],"replies":[{"embeddable":true,"href":"http:\/\/www.hausjosefine.de\/fr\/wp-json\/wp\/v2\/comments?post=2"}],"version-history":[{"count":16,"href":"http:\/\/www.hausjosefine.de\/fr\/wp-json\/wp\/v2\/pages\/2\/revisions"}],"predecessor-version":[{"id":655,"href":"http:\/\/www.hausjosefine.de\/fr\/wp-json\/wp\/v2\/pages\/2\/revisions\/655"}],"wp:attachment":[{"href":"http:\/\/www.hausjosefine.de\/fr\/wp-json\/wp\/v2\/media?parent=2"}],"curies":[{"name":"wp","href":"https:\/\/api.w.org\/{rel}","templated":true}]}}